{"id":1462,"date":"2024-11-14T18:52:05","date_gmt":"2024-11-14T18:52:05","guid":{"rendered":"https:\/\/www.iberfar.pt\/?page_id=1462"},"modified":"2025-06-18T14:22:51","modified_gmt":"2025-06-18T14:22:51","slug":"portugal-2030","status":"publish","type":"page","link":"https:\/\/www.iberfar.pt\/pt\/portugal-2030\/","title":{"rendered":"Portugal 2030"},"content":{"rendered":"<div data-elementor-type=\"wp-page\" data-elementor-id=\"1462\" class=\"elementor elementor-1462\" data-elementor-post-type=\"page\">\n\t\t\t\t<div class=\"elementor-element elementor-element-6be77d1 e-flex e-con-boxed e-con e-parent\" data-id=\"6be77d1\" data-element_type=\"container\" data-e-type=\"container\" data-settings=\"{&quot;background_background&quot;:&quot;classic&quot;}\">\n\t\t\t\t\t<div class=\"e-con-inner\">\n\t\t\t\t<div class=\"elementor-element elementor-element-3a4f0b6 elementor-widget elementor-widget-heading\" data-id=\"3a4f0b6\" data-element_type=\"widget\" data-e-type=\"widget\" data-widget_type=\"heading.default\">\n\t\t\t\t<div class=\"elementor-widget-container\">\n\t\t\t\t\t<h2 class=\"elementor-heading-title elementor-size-default\">Portugal 2030<\/h2>\t\t\t\t<\/div>\n\t\t\t\t<\/div>\n\t\t\t\t\t<\/div>\n\t\t\t\t<\/div>\n\t\t<div class=\"elementor-element elementor-element-3668c1c e-flex e-con-boxed e-con e-parent\" data-id=\"3668c1c\" data-element_type=\"container\" data-e-type=\"container\" data-settings=\"{&quot;background_background&quot;:&quot;classic&quot;}\">\n\t\t\t\t\t<div class=\"e-con-inner\">\n\t\t<div class=\"elementor-element elementor-element-022cc3e e-con-full e-flex e-con e-child\" data-id=\"022cc3e\" data-element_type=\"container\" data-e-type=\"container\" data-settings=\"{&quot;background_background&quot;:&quot;classic&quot;}\">\n\t\t\t\t<div class=\"elementor-element elementor-element-7aa05e3 elementor-widget elementor-widget-image\" data-id=\"7aa05e3\" data-element_type=\"widget\" data-e-type=\"widget\" data-widget_type=\"image.default\">\n\t\t\t\t<div class=\"elementor-widget-container\">\n\t\t\t\t\t\t\t\t\t\t\t\t\t\t\t<img fetchpriority=\"high\" decoding=\"async\" width=\"1417\" height=\"683\" src=\"https:\/\/www.iberfar.pt\/wp-content\/uploads\/2025\/06\/LX2030_Cores.webp\" class=\"attachment-full size-full wp-image-2460\" alt=\"portugal 2030\" srcset=\"https:\/\/www.iberfar.pt\/wp-content\/uploads\/2025\/06\/LX2030_Cores.webp 1417w, https:\/\/www.iberfar.pt\/wp-content\/uploads\/2025\/06\/LX2030_Cores-300x145.webp 300w, https:\/\/www.iberfar.pt\/wp-content\/uploads\/2025\/06\/LX2030_Cores-1024x494.webp 1024w, https:\/\/www.iberfar.pt\/wp-content\/uploads\/2025\/06\/LX2030_Cores-768x370.webp 768w, https:\/\/www.iberfar.pt\/wp-content\/uploads\/2025\/06\/LX2030_Cores-18x9.webp 18w\" sizes=\"(max-width: 1417px) 100vw, 1417px\" \/>\t\t\t\t\t\t\t\t\t\t\t\t\t\t\t<\/div>\n\t\t\t\t<\/div>\n\t\t\t\t<div class=\"elementor-element elementor-element-bf9f206 elementor-widget elementor-widget-spacer\" data-id=\"bf9f206\" data-element_type=\"widget\" data-e-type=\"widget\" data-widget_type=\"spacer.default\">\n\t\t\t\t<div class=\"elementor-widget-container\">\n\t\t\t\t\t\t\t<div class=\"elementor-spacer\">\n\t\t\t<div class=\"elementor-spacer-inner\"><\/div>\n\t\t<\/div>\n\t\t\t\t\t\t<\/div>\n\t\t\t\t<\/div>\n\t\t\t\t<div class=\"elementor-element elementor-element-da45ce4 elementor-widget elementor-widget-text-editor\" data-id=\"da45ce4\" data-element_type=\"widget\" data-e-type=\"widget\" data-widget_type=\"text-editor.default\">\n\t\t\t\t<div class=\"elementor-widget-container\">\n\t\t\t\t\t\t\t\t\t<p>Projeto DeVMedCanEM<\/p>\t\t\t\t\t\t\t\t<\/div>\n\t\t\t\t<\/div>\n\t\t\t\t<div class=\"elementor-element elementor-element-8176971 elementor-widget__width-auto elementor-widget elementor-widget-text-editor\" data-id=\"8176971\" data-element_type=\"widget\" data-e-type=\"widget\" data-widget_type=\"text-editor.default\">\n\t\t\t\t<div class=\"elementor-widget-container\">\n\t\t\t\t\t\t\t\t\t<div id=\"comp-mbf97sw51\" class=\"Z_l5lU ku3DBC zQ9jDz qvSjx3 Vq6kJx comp-mbf97sw51 wixui-rich-text\" data-testid=\"richTextElement\"><p class=\"font_8 wixui-rich-text__text\"><span class=\"wixui-rich-text__text\">Cons\u00f3rcio: IBERFAR, FERRAZ LYNCE e CCAB &#8211; CENTRO CL\u00cdNICO ACAD\u00c9MICO &#8211; BRAGA<\/span><\/p><\/div>\t\t\t\t\t\t\t\t<\/div>\n\t\t\t\t<\/div>\n\t\t\t\t<div class=\"elementor-element elementor-element-63d3fe9 elementor-widget__width-auto elementor-widget elementor-widget-text-editor\" data-id=\"63d3fe9\" data-element_type=\"widget\" data-e-type=\"widget\" data-widget_type=\"text-editor.default\">\n\t\t\t\t<div class=\"elementor-widget-container\">\n\t\t\t\t\t\t\t\t\t<div id=\"comp-mbf97sw51\" class=\"Z_l5lU ku3DBC zQ9jDz qvSjx3 Vq6kJx comp-mbf97sw51 wixui-rich-text\" data-testid=\"richTextElement\"><p class=\"font_8 wixui-rich-text__text\"><span class=\"wixui-rich-text__text\">IBERFAR &#8211; OEIRAS &#8211; LISBOA \/ FERRAZ LYNCE &#8211; OEIRAS &#8211; LISBOA \/ CCAB &#8211; BRAGA<\/span><\/p><\/div>\t\t\t\t\t\t\t\t<\/div>\n\t\t\t\t<\/div>\n\t\t\t\t<\/div>\n\t\t\t\t\t<\/div>\n\t\t\t\t<\/div>\n\t\t<div class=\"elementor-element elementor-element-c9ccff5 e-flex e-con-boxed e-con e-parent\" data-id=\"c9ccff5\" data-element_type=\"container\" data-e-type=\"container\" data-settings=\"{&quot;background_background&quot;:&quot;classic&quot;}\">\n\t\t\t\t\t<div class=\"e-con-inner\">\n\t\t<div class=\"elementor-element elementor-element-0d1baf5 e-con-full e-flex e-con e-child\" data-id=\"0d1baf5\" data-element_type=\"container\" data-e-type=\"container\" data-settings=\"{&quot;background_background&quot;:&quot;classic&quot;}\">\n\t\t\t\t<div class=\"elementor-element elementor-element-4ed8cca elementor-widget__width-auto elementor-widget elementor-widget-text-editor\" data-id=\"4ed8cca\" data-element_type=\"widget\" data-e-type=\"widget\" data-widget_type=\"text-editor.default\">\n\t\t\t\t<div class=\"elementor-widget-container\">\n\t\t\t\t\t\t\t\t\t<div id=\"comp-mbf97sw51\" class=\"Z_l5lU ku3DBC zQ9jDz qvSjx3 Vq6kJx comp-mbf97sw51 wixui-rich-text\" data-testid=\"richTextElement\"><div id=\"comp-mbfa1yuo\" class=\"Z_l5lU ku3DBC zQ9jDz qvSjx3 Vq6kJx comp-mbfa1yuo wixui-rich-text\" data-testid=\"richTextElement\"><p class=\"font_8 wixui-rich-text__text\"><strong><span class=\"wixui-rich-text__text\">Prioridade<\/span><\/strong><\/p><\/div><div id=\"comp-mbf96rhl\" class=\"Z_l5lU ku3DBC zQ9jDz qvSjx3 Vq6kJx comp-mbf96rhl wixui-rich-text\" data-testid=\"richTextElement\"><p class=\"font_8 wixui-rich-text__text\"><span class=\"wixui-rich-text__text\">O projeto DeVMedCanEM visa o desenvolvimento do primeiro medicamento mundial \u00e0 base de can\u00e1bis medicinal com diferentes r\u00e1cios de THC:CBD, sob a forma de solu\u00e7\u00e3o oral e administrado por seringa, obtido atrav\u00e9s de um processo de extra\u00e7\u00e3o e purifica\u00e7\u00e3o baseado em m\u00e9todos enzim\u00e1ticos, mais sustent\u00e1veis e ecol\u00f3gicos, indicado para o tratamento da sintomatologia associada \u00e0 esclerose m\u00faltipla moderada a grave refrat\u00e1ria \u00e0 terap\u00eautica convencional.<\/span><\/p><\/div><\/div>\t\t\t\t\t\t\t\t<\/div>\n\t\t\t\t<\/div>\n\t\t\t\t<div class=\"elementor-element elementor-element-69afe5a elementor-widget elementor-widget-spacer\" data-id=\"69afe5a\" data-element_type=\"widget\" data-e-type=\"widget\" data-widget_type=\"spacer.default\">\n\t\t\t\t<div class=\"elementor-widget-container\">\n\t\t\t\t\t\t\t<div class=\"elementor-spacer\">\n\t\t\t<div class=\"elementor-spacer-inner\"><\/div>\n\t\t<\/div>\n\t\t\t\t\t\t<\/div>\n\t\t\t\t<\/div>\n\t\t\t\t<\/div>\n\t\t<div class=\"elementor-element elementor-element-270f3d3 e-con-full e-flex e-con e-child\" data-id=\"270f3d3\" data-element_type=\"container\" data-e-type=\"container\" data-settings=\"{&quot;background_background&quot;:&quot;classic&quot;}\">\n\t\t\t\t<div class=\"elementor-element elementor-element-6ca6911 elementor-widget elementor-widget-spacer\" data-id=\"6ca6911\" data-element_type=\"widget\" data-e-type=\"widget\" data-widget_type=\"spacer.default\">\n\t\t\t\t<div class=\"elementor-widget-container\">\n\t\t\t\t\t\t\t<div class=\"elementor-spacer\">\n\t\t\t<div class=\"elementor-spacer-inner\"><\/div>\n\t\t<\/div>\n\t\t\t\t\t\t<\/div>\n\t\t\t\t<\/div>\n\t\t\t\t<div class=\"elementor-element elementor-element-d105226 elementor-widget elementor-widget-text-editor\" data-id=\"d105226\" data-element_type=\"widget\" data-e-type=\"widget\" data-widget_type=\"text-editor.default\">\n\t\t\t\t<div class=\"elementor-widget-container\">\n\t\t\t\t\t\t\t\t\t<p>Investimento total<\/p>\t\t\t\t\t\t\t\t<\/div>\n\t\t\t\t<\/div>\n\t\t\t\t<div class=\"elementor-element elementor-element-f6b7a31 elementor-widget elementor-widget-text-editor\" data-id=\"f6b7a31\" data-element_type=\"widget\" data-e-type=\"widget\" data-widget_type=\"text-editor.default\">\n\t\t\t\t<div class=\"elementor-widget-container\">\n\t\t\t\t\t\t\t\t\t<p><strong>3.425.093,92 \u20ac<\/strong><\/p>\t\t\t\t\t\t\t\t<\/div>\n\t\t\t\t<\/div>\n\t\t\t\t<div class=\"elementor-element elementor-element-eb82540 elementor-widget elementor-widget-spacer\" data-id=\"eb82540\" data-element_type=\"widget\" data-e-type=\"widget\" data-widget_type=\"spacer.default\">\n\t\t\t\t<div class=\"elementor-widget-container\">\n\t\t\t\t\t\t\t<div class=\"elementor-spacer\">\n\t\t\t<div class=\"elementor-spacer-inner\"><\/div>\n\t\t<\/div>\n\t\t\t\t\t\t<\/div>\n\t\t\t\t<\/div>\n\t\t\t\t<div class=\"elementor-element elementor-element-5473d3f elementor-widget elementor-widget-text-editor\" data-id=\"5473d3f\" data-element_type=\"widget\" data-e-type=\"widget\" data-widget_type=\"text-editor.default\">\n\t\t\t\t<div class=\"elementor-widget-container\">\n\t\t\t\t\t\t\t\t\t<p class=\"font_8 wixui-rich-text__text\"><span class=\"wixui-rich-text__text\">Apoio financeiro da<\/span><\/p><p class=\"font_8 wixui-rich-text__text\"><span class=\"wixui-rich-text__text\">Uni\u00e3o Europeia<\/span><\/p>\t\t\t\t\t\t\t\t<\/div>\n\t\t\t\t<\/div>\n\t\t\t\t<div class=\"elementor-element elementor-element-03232e9 elementor-widget elementor-widget-text-editor\" data-id=\"03232e9\" data-element_type=\"widget\" data-e-type=\"widget\" data-widget_type=\"text-editor.default\">\n\t\t\t\t<div class=\"elementor-widget-container\">\n\t\t\t\t\t\t\t\t\t<p><strong>1.645.723,48 \u20ac<\/strong><\/p>\t\t\t\t\t\t\t\t<\/div>\n\t\t\t\t<\/div>\n\t\t\t\t<div class=\"elementor-element elementor-element-349e82b elementor-widget elementor-widget-spacer\" data-id=\"349e82b\" data-element_type=\"widget\" data-e-type=\"widget\" data-widget_type=\"spacer.default\">\n\t\t\t\t<div class=\"elementor-widget-container\">\n\t\t\t\t\t\t\t<div class=\"elementor-spacer\">\n\t\t\t<div class=\"elementor-spacer-inner\"><\/div>\n\t\t<\/div>\n\t\t\t\t\t\t<\/div>\n\t\t\t\t<\/div>\n\t\t\t\t<div class=\"elementor-element elementor-element-2e4890a elementor-widget elementor-widget-text-editor\" data-id=\"2e4890a\" data-element_type=\"widget\" data-e-type=\"widget\" data-widget_type=\"text-editor.default\">\n\t\t\t\t<div class=\"elementor-widget-container\">\n\t\t\t\t\t\t\t\t\t<p class=\"font_8 wixui-rich-text__text\"><a class=\"wixui-rich-text__text\" href=\"https:\/\/lisboa.portugal2030.pt\/?doing_wp_cron=1748880764.5792980194091796875000\" target=\"_blank\" rel=\"noreferrer noopener\"><span class=\"wixui-rich-text__text\">lisboa.portugal2030.pt<\/span><\/a><\/p>\t\t\t\t\t\t\t\t<\/div>\n\t\t\t\t<\/div>\n\t\t\t\t<div class=\"elementor-element elementor-element-5fec194 elementor-widget elementor-widget-image\" data-id=\"5fec194\" data-element_type=\"widget\" data-e-type=\"widget\" data-widget_type=\"image.default\">\n\t\t\t\t<div class=\"elementor-widget-container\">\n\t\t\t\t\t\t\t\t\t\t\t\t\t\t\t<img decoding=\"async\" width=\"482\" height=\"490\" src=\"https:\/\/www.iberfar.pt\/wp-content\/uploads\/2025\/06\/Lisboa2030QRcode.webp\" class=\"attachment-full size-full wp-image-2461\" alt=\"\" srcset=\"https:\/\/www.iberfar.pt\/wp-content\/uploads\/2025\/06\/Lisboa2030QRcode.webp 482w, https:\/\/www.iberfar.pt\/wp-content\/uploads\/2025\/06\/Lisboa2030QRcode-295x300.webp 295w, https:\/\/www.iberfar.pt\/wp-content\/uploads\/2025\/06\/Lisboa2030QRcode-12x12.webp 12w\" sizes=\"(max-width: 482px) 100vw, 482px\" \/>\t\t\t\t\t\t\t\t\t\t\t\t\t\t\t<\/div>\n\t\t\t\t<\/div>\n\t\t\t\t<\/div>\n\t\t\t\t\t<\/div>\n\t\t\t\t<\/div>\n\t\t<div class=\"elementor-element elementor-element-ee91d4b e-flex e-con-boxed e-con e-parent\" data-id=\"ee91d4b\" data-element_type=\"container\" data-e-type=\"container\" data-settings=\"{&quot;background_background&quot;:&quot;classic&quot;}\">\n\t\t\t\t\t<div class=\"e-con-inner\">\n\t\t<div class=\"elementor-element elementor-element-8625291 e-con-full e-flex e-con e-child\" data-id=\"8625291\" data-element_type=\"container\" data-e-type=\"container\" data-settings=\"{&quot;background_background&quot;:&quot;classic&quot;}\">\n\t\t\t\t<div class=\"elementor-element elementor-element-ea392e7 elementor-widget elementor-widget-image\" data-id=\"ea392e7\" data-element_type=\"widget\" data-e-type=\"widget\" data-widget_type=\"image.default\">\n\t\t\t\t<div class=\"elementor-widget-container\">\n\t\t\t\t\t\t\t\t\t\t\t\t\t\t\t<img decoding=\"async\" width=\"2560\" height=\"400\" src=\"https:\/\/www.iberfar.pt\/wp-content\/uploads\/2025\/06\/LISBOA2030-scaled.webp\" class=\"attachment-full size-full wp-image-2462\" alt=\"\" srcset=\"https:\/\/www.iberfar.pt\/wp-content\/uploads\/2025\/06\/LISBOA2030-scaled.webp 2560w, https:\/\/www.iberfar.pt\/wp-content\/uploads\/2025\/06\/LISBOA2030-300x47.webp 300w, https:\/\/www.iberfar.pt\/wp-content\/uploads\/2025\/06\/LISBOA2030-1024x160.webp 1024w, https:\/\/www.iberfar.pt\/wp-content\/uploads\/2025\/06\/LISBOA2030-768x120.webp 768w, https:\/\/www.iberfar.pt\/wp-content\/uploads\/2025\/06\/LISBOA2030-1536x240.webp 1536w, https:\/\/www.iberfar.pt\/wp-content\/uploads\/2025\/06\/LISBOA2030-2048x320.webp 2048w, https:\/\/www.iberfar.pt\/wp-content\/uploads\/2025\/06\/LISBOA2030-18x3.webp 18w\" sizes=\"(max-width: 2560px) 100vw, 2560px\" \/>\t\t\t\t\t\t\t\t\t\t\t\t\t\t\t<\/div>\n\t\t\t\t<\/div>\n\t\t\t\t<\/div>\n\t\t\t\t\t<\/div>\n\t\t\t\t<\/div>\n\t\t<div class=\"elementor-element elementor-element-4f93a87 e-flex e-con-boxed e-con e-parent\" data-id=\"4f93a87\" data-element_type=\"container\" data-e-type=\"container\">\n\t\t\t\t\t<div class=\"e-con-inner\">\n\t\t\t\t<div class=\"elementor-element elementor-element-4ee903a elementor-widget elementor-widget-spacer\" data-id=\"4ee903a\" data-element_type=\"widget\" data-e-type=\"widget\" data-widget_type=\"spacer.default\">\n\t\t\t\t<div class=\"elementor-widget-container\">\n\t\t\t\t\t\t\t<div class=\"elementor-spacer\">\n\t\t\t<div class=\"elementor-spacer-inner\"><\/div>\n\t\t<\/div>\n\t\t\t\t\t\t<\/div>\n\t\t\t\t<\/div>\n\t\t\t\t\t<\/div>\n\t\t\t\t<\/div>\n\t\t\t\t<\/div>","protected":false},"excerpt":{"rendered":"<p>Portugal 2030 Projeto DeVMedCanEM Cons\u00f3rcio: IBERFAR, FERRAZ LYNCE e CCAB &#8211; CENTRO CL\u00cdNICO ACAD\u00c9MICO &#8211; BRAGA IBERFAR &#8211; OEIRAS &#8211; LISBOA \/ FERRAZ LYNCE &#8211; OEIRAS &#8211; LISBOA \/ CCAB &#8211; BRAGA Prioridade O projeto DeVMedCanEM visa o desenvolvimento do primeiro medicamento mundial \u00e0 base de can\u00e1bis medicinal com diferentes r\u00e1cios de THC:CBD, sob a [&hellip;]<\/p>\n","protected":false},"author":1,"featured_media":0,"parent":0,"menu_order":0,"comment_status":"closed","ping_status":"closed","template":"","meta":{"footnotes":""},"class_list":["post-1462","page","type-page","status-publish","hentry"],"_links":{"self":[{"href":"https:\/\/www.iberfar.pt\/pt\/wp-json\/wp\/v2\/pages\/1462","targetHints":{"allow":["GET"]}}],"collection":[{"href":"https:\/\/www.iberfar.pt\/pt\/wp-json\/wp\/v2\/pages"}],"about":[{"href":"https:\/\/www.iberfar.pt\/pt\/wp-json\/wp\/v2\/types\/page"}],"author":[{"embeddable":true,"href":"https:\/\/www.iberfar.pt\/pt\/wp-json\/wp\/v2\/users\/1"}],"replies":[{"embeddable":true,"href":"https:\/\/www.iberfar.pt\/pt\/wp-json\/wp\/v2\/comments?post=1462"}],"version-history":[{"count":33,"href":"https:\/\/www.iberfar.pt\/pt\/wp-json\/wp\/v2\/pages\/1462\/revisions"}],"predecessor-version":[{"id":2477,"href":"https:\/\/www.iberfar.pt\/pt\/wp-json\/wp\/v2\/pages\/1462\/revisions\/2477"}],"wp:attachment":[{"href":"https:\/\/www.iberfar.pt\/pt\/wp-json\/wp\/v2\/media?parent=1462"}],"curies":[{"name":"wp","href":"https:\/\/api.w.org\/{rel}","templated":true}]}}