{"id":19,"date":"2024-10-23T11:08:20","date_gmt":"2024-10-23T11:08:20","guid":{"rendered":"https:\/\/www.iberfar.pt\/?page_id=19"},"modified":"2025-01-15T16:41:25","modified_gmt":"2025-01-15T16:41:25","slug":"environmental-policy","status":"publish","type":"page","link":"https:\/\/www.iberfar.pt\/pt\/environmental-policy\/","title":{"rendered":"Pol\u00edtica Ambiental"},"content":{"rendered":"<div data-elementor-type=\"wp-page\" data-elementor-id=\"19\" class=\"elementor elementor-19\" data-elementor-post-type=\"page\">\n\t\t\t\t<div class=\"elementor-element elementor-element-590caa1 e-flex e-con-boxed e-con e-parent\" data-id=\"590caa1\" data-element_type=\"container\" data-e-type=\"container\" data-settings=\"{&quot;background_background&quot;:&quot;classic&quot;}\">\n\t\t\t\t\t<div class=\"e-con-inner\">\n\t\t\t\t<div class=\"elementor-element elementor-element-04c51dc elementor-widget elementor-widget-heading\" data-id=\"04c51dc\" data-element_type=\"widget\" data-e-type=\"widget\" data-widget_type=\"heading.default\">\n\t\t\t\t<div class=\"elementor-widget-container\">\n\t\t\t\t\t<h2 class=\"elementor-heading-title elementor-size-default\">Pol\u00edtica Ambiental<\/h2>\t\t\t\t<\/div>\n\t\t\t\t<\/div>\n\t\t\t\t\t<\/div>\n\t\t\t\t<\/div>\n\t\t<div class=\"elementor-element elementor-element-1b95d67 e-flex e-con-boxed e-con e-parent\" data-id=\"1b95d67\" data-element_type=\"container\" data-e-type=\"container\">\n\t\t\t\t\t<div class=\"e-con-inner\">\n\t\t\t\t<div class=\"elementor-element elementor-element-b07ce71 elementor-widget elementor-widget-heading\" data-id=\"b07ce71\" data-element_type=\"widget\" data-e-type=\"widget\" data-widget_type=\"heading.default\">\n\t\t\t\t<div class=\"elementor-widget-container\">\n\t\t\t\t\t<h2 class=\"elementor-heading-title elementor-size-default\">Racionaliza\u00e7\u00e3o Energ\u00e9tica<\/h2>\t\t\t\t<\/div>\n\t\t\t\t<\/div>\n\t\t\t\t\t<\/div>\n\t\t\t\t<\/div>\n\t\t<div class=\"elementor-element elementor-element-25c8d7d e-flex e-con-boxed e-con e-parent\" data-id=\"25c8d7d\" data-element_type=\"container\" data-e-type=\"container\">\n\t\t\t\t\t<div class=\"e-con-inner\">\n\t\t<div class=\"elementor-element elementor-element-40e3913 e-con-full e-flex e-con e-child\" data-id=\"40e3913\" data-element_type=\"container\" data-e-type=\"container\">\n\t\t\t\t<div class=\"elementor-element elementor-element-c1d76c6 elementor-widget__width-initial elementor-widget elementor-widget-text-editor\" data-id=\"c1d76c6\" data-element_type=\"widget\" data-e-type=\"widget\" data-widget_type=\"text-editor.default\">\n\t\t\t\t<div class=\"elementor-widget-container\">\n\t\t\t\t\t\t\t\t\t<p class=\"translation-block\">Com a instala\u00e7\u00e3o de pain\u00e9is fotovoltaicos na nossa f\u00e1brica, o <b>IBERFAR<\/b> est\u00e1 a reduzir significativamente a pegada de carbono e a promover o uso sustent\u00e1vel de energia. Atualmente, 25% da energia consumida prov\u00e9m destes pain\u00e9is, refor\u00e7ando o nosso compromisso com a responsabilidade ambiental e a efici\u00eancia energ\u00e9tica.<\/p>\t\t\t\t\t\t\t\t<\/div>\n\t\t\t\t<\/div>\n\t\t<div class=\"elementor-element elementor-element-8001bd9 e-con-full e-flex e-con e-child\" data-id=\"8001bd9\" data-element_type=\"container\" data-e-type=\"container\">\n\t\t<div class=\"elementor-element elementor-element-09d7a17 e-con-full e-flex e-con e-child\" data-id=\"09d7a17\" data-element_type=\"container\" data-e-type=\"container\" data-settings=\"{&quot;background_background&quot;:&quot;classic&quot;}\">\n\t\t\t\t<div class=\"elementor-element elementor-element-807fca2 elementor-widget elementor-widget-heading\" data-id=\"807fca2\" data-element_type=\"widget\" data-e-type=\"widget\" data-widget_type=\"heading.default\">\n\t\t\t\t<div class=\"elementor-widget-container\">\n\t\t\t\t\t<h2 class=\"elementor-heading-title elementor-size-default\">Covered<br>Area<\/h2>\t\t\t\t<\/div>\n\t\t\t\t<\/div>\n\t\t\t\t<div class=\"elementor-element elementor-element-8260738 elementor-widget elementor-widget-text-editor\" data-id=\"8260738\" data-element_type=\"widget\" data-e-type=\"widget\" data-widget_type=\"text-editor.default\">\n\t\t\t\t<div class=\"elementor-widget-container\">\n\t\t\t\t\t\t\t\t\t<b>1.436 m<sup>2<\/sup><\/b>\t\t\t\t\t\t\t\t<\/div>\n\t\t\t\t<\/div>\n\t\t\t\t<\/div>\n\t\t<div class=\"elementor-element elementor-element-7073ce8 e-con-full e-flex e-con e-child\" data-id=\"7073ce8\" data-element_type=\"container\" data-e-type=\"container\" data-settings=\"{&quot;background_background&quot;:&quot;classic&quot;}\">\n\t\t\t\t<div class=\"elementor-element elementor-element-9d9a437 elementor-widget elementor-widget-heading\" data-id=\"9d9a437\" data-element_type=\"widget\" data-e-type=\"widget\" data-widget_type=\"heading.default\">\n\t\t\t\t<div class=\"elementor-widget-container\">\n\t\t\t\t\t<h2 class=\"elementor-heading-title elementor-size-default\">Nr\u00ba of<br>\nphotovoltaic<br>\npanels installed<\/h2>\t\t\t\t<\/div>\n\t\t\t\t<\/div>\n\t\t\t\t<div class=\"elementor-element elementor-element-dd44686 elementor-widget elementor-widget-text-editor\" data-id=\"dd44686\" data-element_type=\"widget\" data-e-type=\"widget\" data-widget_type=\"text-editor.default\">\n\t\t\t\t<div class=\"elementor-widget-container\">\n\t\t\t\t\t\t\t\t\t<b>763 Un<\/b>\t\t\t\t\t\t\t\t<\/div>\n\t\t\t\t<\/div>\n\t\t\t\t<\/div>\n\t\t\t\t<\/div>\n\t\t\t\t<\/div>\n\t\t<div class=\"elementor-element elementor-element-f904931 e-con-full e-flex e-con e-child\" data-id=\"f904931\" data-element_type=\"container\" data-e-type=\"container\">\n\t\t\t\t<div class=\"elementor-element elementor-element-57c4f5c elementor-widget__width-initial elementor-widget elementor-widget-image\" data-id=\"57c4f5c\" data-element_type=\"widget\" data-e-type=\"widget\" data-widget_type=\"image.default\">\n\t\t\t\t<div class=\"elementor-widget-container\">\n\t\t\t\t\t\t\t\t\t\t\t\t\t\t\t<img decoding=\"async\" src=\"https:\/\/www.iberfar.pt\/wp-content\/uploads\/elementor\/thumbs\/img_solar-panels-qwkx4f6jlk4dm3afsgz96qrno5krkxvydnc4nvke80.webp\" title=\"img_solar panels\" alt=\"img_solar panels\" loading=\"lazy\" \/>\t\t\t\t\t\t\t\t\t\t\t\t\t\t\t<\/div>\n\t\t\t\t<\/div>\n\t\t\t\t<\/div>\n\t\t\t\t\t<\/div>\n\t\t\t\t<\/div>\n\t\t<div class=\"elementor-element elementor-element-3b26e6b e-flex e-con-boxed e-con e-parent\" data-id=\"3b26e6b\" data-element_type=\"container\" data-e-type=\"container\" data-settings=\"{&quot;background_background&quot;:&quot;classic&quot;}\">\n\t\t\t\t\t<div class=\"e-con-inner\">\n\t\t<div class=\"elementor-element elementor-element-a502f75 e-con-full e-flex e-con e-child\" data-id=\"a502f75\" data-element_type=\"container\" data-e-type=\"container\" data-settings=\"{&quot;background_background&quot;:&quot;classic&quot;}\">\n\t\t\t\t<div class=\"elementor-element elementor-element-e9c9c6e elementor-widget elementor-widget-heading\" data-id=\"e9c9c6e\" data-element_type=\"widget\" data-e-type=\"widget\" data-widget_type=\"heading.default\">\n\t\t\t\t<div class=\"elementor-widget-container\">\n\t\t\t\t\t<h2 class=\"elementor-heading-title elementor-size-default\">Impacto Ambiental<\/h2>\t\t\t\t<\/div>\n\t\t\t\t<\/div>\n\t\t\t\t<\/div>\n\t\t\t\t\t<\/div>\n\t\t\t\t<\/div>\n\t\t<div class=\"elementor-element elementor-element-ae3c015 e-flex e-con-boxed e-con e-parent\" data-id=\"ae3c015\" data-element_type=\"container\" data-e-type=\"container\" data-settings=\"{&quot;background_background&quot;:&quot;classic&quot;}\">\n\t\t\t\t\t<div class=\"e-con-inner\">\n\t\t<div class=\"elementor-element elementor-element-590fd13 e-con-full e-flex e-con e-child\" data-id=\"590fd13\" data-element_type=\"container\" data-e-type=\"container\" data-settings=\"{&quot;background_background&quot;:&quot;classic&quot;}\">\n\t\t\t\t<div class=\"elementor-element elementor-element-ba69c7d elementor-widget elementor-widget-image\" data-id=\"ba69c7d\" data-element_type=\"widget\" data-e-type=\"widget\" data-widget_type=\"image.default\">\n\t\t\t\t<div class=\"elementor-widget-container\">\n\t\t\t\t\t\t\t\t\t\t\t\t\t\t\t<img fetchpriority=\"high\" decoding=\"async\" width=\"631\" height=\"631\" src=\"https:\/\/www.iberfar.pt\/wp-content\/uploads\/2024\/11\/icon_CO2.webp\" class=\"attachment-full size-full wp-image-717\" alt=\"\" srcset=\"https:\/\/www.iberfar.pt\/wp-content\/uploads\/2024\/11\/icon_CO2.webp 631w, https:\/\/www.iberfar.pt\/wp-content\/uploads\/2024\/11\/icon_CO2-300x300.webp 300w, https:\/\/www.iberfar.pt\/wp-content\/uploads\/2024\/11\/icon_CO2-150x150.webp 150w\" sizes=\"(max-width: 631px) 100vw, 631px\" \/>\t\t\t\t\t\t\t\t\t\t\t\t\t\t\t<\/div>\n\t\t\t\t<\/div>\n\t\t\t\t<div class=\"elementor-element elementor-element-ec8aa0d elementor-widget elementor-widget-heading\" data-id=\"ec8aa0d\" data-element_type=\"widget\" data-e-type=\"widget\" data-widget_type=\"heading.default\">\n\t\t\t\t<div class=\"elementor-widget-container\">\n\t\t\t\t\t<h2 class=\"elementor-heading-title elementor-size-default translation-block\">Redu\u00e7\u00e3o<br>Anual de<br>CO2<\/h2>\t\t\t\t<\/div>\n\t\t\t\t<\/div>\n\t\t\t\t<div class=\"elementor-element elementor-element-7e5374d elementor-align-justify elementor-widget elementor-widget-button\" data-id=\"7e5374d\" data-element_type=\"widget\" data-e-type=\"widget\" data-widget_type=\"button.default\">\n\t\t\t\t<div class=\"elementor-widget-container\">\n\t\t\t\t\t\t\t\t\t<div class=\"elementor-button-wrapper\">\n\t\t\t\t\t<a class=\"elementor-button elementor-size-sm\" role=\"button\">\n\t\t\t\t\t\t<span class=\"elementor-button-content-wrapper\">\n\t\t\t\t\t\t\t\t\t<span class=\"elementor-button-text\">100 ton<\/span>\n\t\t\t\t\t<\/span>\n\t\t\t\t\t<\/a>\n\t\t\t\t<\/div>\n\t\t\t\t\t\t\t\t<\/div>\n\t\t\t\t<\/div>\n\t\t\t\t<\/div>\n\t\t<div class=\"elementor-element elementor-element-85ff929 e-con-full e-flex e-con e-child\" data-id=\"85ff929\" data-element_type=\"container\" data-e-type=\"container\" data-settings=\"{&quot;background_background&quot;:&quot;classic&quot;}\">\n\t\t\t\t<div class=\"elementor-element elementor-element-5967646 elementor-widget elementor-widget-image\" data-id=\"5967646\" data-element_type=\"widget\" data-e-type=\"widget\" data-widget_type=\"image.default\">\n\t\t\t\t<div class=\"elementor-widget-container\">\n\t\t\t\t\t\t\t\t\t\t\t\t\t\t\t<img decoding=\"async\" width=\"631\" height=\"631\" src=\"https:\/\/www.iberfar.pt\/wp-content\/uploads\/2024\/11\/icon_forest.webp\" class=\"attachment-full size-full wp-image-714\" alt=\"\" srcset=\"https:\/\/www.iberfar.pt\/wp-content\/uploads\/2024\/11\/icon_forest.webp 631w, https:\/\/www.iberfar.pt\/wp-content\/uploads\/2024\/11\/icon_forest-300x300.webp 300w, https:\/\/www.iberfar.pt\/wp-content\/uploads\/2024\/11\/icon_forest-150x150.webp 150w\" sizes=\"(max-width: 631px) 100vw, 631px\" \/>\t\t\t\t\t\t\t\t\t\t\t\t\t\t\t<\/div>\n\t\t\t\t<\/div>\n\t\t\t\t<div class=\"elementor-element elementor-element-2c7711e elementor-widget elementor-widget-heading\" data-id=\"2c7711e\" data-element_type=\"widget\" data-e-type=\"widget\" data-widget_type=\"heading.default\">\n\t\t\t\t<div class=\"elementor-widget-container\">\n\t\t\t\t\t<h2 class=\"elementor-heading-title elementor-size-default translation-block\">Equivalente<br>em Hectares de<br>Floresta<\/h2>\t\t\t\t<\/div>\n\t\t\t\t<\/div>\n\t\t\t\t<div class=\"elementor-element elementor-element-013fc8e elementor-align-justify elementor-widget elementor-widget-button\" data-id=\"013fc8e\" data-element_type=\"widget\" data-e-type=\"widget\" data-widget_type=\"button.default\">\n\t\t\t\t<div class=\"elementor-widget-container\">\n\t\t\t\t\t\t\t\t\t<div class=\"elementor-button-wrapper\">\n\t\t\t\t\t<a class=\"elementor-button elementor-size-sm\" role=\"button\">\n\t\t\t\t\t\t<span class=\"elementor-button-content-wrapper\">\n\t\t\t\t\t\t\t\t\t<span class=\"elementor-button-text\">20 ha<\/span>\n\t\t\t\t\t<\/span>\n\t\t\t\t\t<\/a>\n\t\t\t\t<\/div>\n\t\t\t\t\t\t\t\t<\/div>\n\t\t\t\t<\/div>\n\t\t\t\t<\/div>\n\t\t<div class=\"elementor-element elementor-element-ac5d09f e-con-full e-flex e-con e-child\" data-id=\"ac5d09f\" data-element_type=\"container\" data-e-type=\"container\" data-settings=\"{&quot;background_background&quot;:&quot;classic&quot;}\">\n\t\t\t\t<div class=\"elementor-element elementor-element-2b09c6a elementor-widget elementor-widget-image\" data-id=\"2b09c6a\" data-element_type=\"widget\" data-e-type=\"widget\" data-widget_type=\"image.default\">\n\t\t\t\t<div class=\"elementor-widget-container\">\n\t\t\t\t\t\t\t\t\t\t\t\t\t\t\t<img decoding=\"async\" width=\"631\" height=\"631\" src=\"https:\/\/www.iberfar.pt\/wp-content\/uploads\/2024\/11\/icon_car.webp\" class=\"attachment-full size-full wp-image-716\" alt=\"\" srcset=\"https:\/\/www.iberfar.pt\/wp-content\/uploads\/2024\/11\/icon_car.webp 631w, https:\/\/www.iberfar.pt\/wp-content\/uploads\/2024\/11\/icon_car-300x300.webp 300w, https:\/\/www.iberfar.pt\/wp-content\/uploads\/2024\/11\/icon_car-150x150.webp 150w\" sizes=\"(max-width: 631px) 100vw, 631px\" \/>\t\t\t\t\t\t\t\t\t\t\t\t\t\t\t<\/div>\n\t\t\t\t<\/div>\n\t\t\t\t<div class=\"elementor-element elementor-element-9af5ce3 elementor-widget elementor-widget-heading\" data-id=\"9af5ce3\" data-element_type=\"widget\" data-e-type=\"widget\" data-widget_type=\"heading.default\">\n\t\t\t\t<div class=\"elementor-widget-container\">\n\t\t\t\t\t<h2 class=\"elementor-heading-title elementor-size-default translation-block\">Redu\u00e7\u00e3o Equivalente de Autom\u00f3veis<\/h2>\t\t\t\t<\/div>\n\t\t\t\t<\/div>\n\t\t\t\t<div class=\"elementor-element elementor-element-d9182ad elementor-align-justify elementor-widget elementor-widget-button\" data-id=\"d9182ad\" data-element_type=\"widget\" data-e-type=\"widget\" data-widget_type=\"button.default\">\n\t\t\t\t<div class=\"elementor-widget-container\">\n\t\t\t\t\t\t\t\t\t<div class=\"elementor-button-wrapper\">\n\t\t\t\t\t<a class=\"elementor-button elementor-size-sm\" role=\"button\">\n\t\t\t\t\t\t<span class=\"elementor-button-content-wrapper\">\n\t\t\t\t\t\t\t\t\t<span class=\"elementor-button-text\">60<\/span>\n\t\t\t\t\t<\/span>\n\t\t\t\t\t<\/a>\n\t\t\t\t<\/div>\n\t\t\t\t\t\t\t\t<\/div>\n\t\t\t\t<\/div>\n\t\t\t\t<\/div>\n\t\t<div class=\"elementor-element elementor-element-8425b29 e-con-full e-flex e-con e-child\" data-id=\"8425b29\" data-element_type=\"container\" data-e-type=\"container\" data-settings=\"{&quot;background_background&quot;:&quot;classic&quot;}\">\n\t\t\t\t<div class=\"elementor-element elementor-element-efccecf elementor-widget elementor-widget-image\" data-id=\"efccecf\" data-element_type=\"widget\" data-e-type=\"widget\" data-widget_type=\"image.default\">\n\t\t\t\t<div class=\"elementor-widget-container\">\n\t\t\t\t\t\t\t\t\t\t\t\t\t\t\t<img loading=\"lazy\" decoding=\"async\" width=\"631\" height=\"631\" src=\"https:\/\/www.iberfar.pt\/wp-content\/uploads\/2024\/11\/icon_houses.webp\" class=\"attachment-full size-full wp-image-715\" alt=\"\" srcset=\"https:\/\/www.iberfar.pt\/wp-content\/uploads\/2024\/11\/icon_houses.webp 631w, https:\/\/www.iberfar.pt\/wp-content\/uploads\/2024\/11\/icon_houses-300x300.webp 300w, https:\/\/www.iberfar.pt\/wp-content\/uploads\/2024\/11\/icon_houses-150x150.webp 150w\" sizes=\"(max-width: 631px) 100vw, 631px\" \/>\t\t\t\t\t\t\t\t\t\t\t\t\t\t\t<\/div>\n\t\t\t\t<\/div>\n\t\t\t\t<div class=\"elementor-element elementor-element-61b6761 elementor-widget elementor-widget-heading\" data-id=\"61b6761\" data-element_type=\"widget\" data-e-type=\"widget\" data-widget_type=\"heading.default\">\n\t\t\t\t<div class=\"elementor-widget-container\">\n\t\t\t\t\t<h2 class=\"elementor-heading-title elementor-size-default translation-block\">Equivalente ao Abastecimento de Casas<\/h2>\t\t\t\t<\/div>\n\t\t\t\t<\/div>\n\t\t\t\t<div class=\"elementor-element elementor-element-6600d9d elementor-align-justify elementor-widget elementor-widget-button\" data-id=\"6600d9d\" data-element_type=\"widget\" data-e-type=\"widget\" data-widget_type=\"button.default\">\n\t\t\t\t<div class=\"elementor-widget-container\">\n\t\t\t\t\t\t\t\t\t<div class=\"elementor-button-wrapper\">\n\t\t\t\t\t<a class=\"elementor-button elementor-size-sm\" role=\"button\">\n\t\t\t\t\t\t<span class=\"elementor-button-content-wrapper\">\n\t\t\t\t\t\t\t\t\t<span class=\"elementor-button-text\">95<\/span>\n\t\t\t\t\t<\/span>\n\t\t\t\t\t<\/a>\n\t\t\t\t<\/div>\n\t\t\t\t\t\t\t\t<\/div>\n\t\t\t\t<\/div>\n\t\t\t\t<\/div>\n\t\t\t\t\t<\/div>\n\t\t\t\t<\/div>\n\t\t<div class=\"elementor-element elementor-element-676ebaa e-flex e-con-boxed e-con e-parent\" data-id=\"676ebaa\" data-element_type=\"container\" data-e-type=\"container\">\n\t\t\t\t\t<div class=\"e-con-inner\">\n\t\t\t\t<div class=\"elementor-element elementor-element-ed912be elementor-widget elementor-widget-heading\" data-id=\"ed912be\" data-element_type=\"widget\" data-e-type=\"widget\" data-widget_type=\"heading.default\">\n\t\t\t\t<div class=\"elementor-widget-container\">\n\t\t\t\t\t<h2 class=\"elementor-heading-title elementor-size-default\">Planta de Recupera\u00e7\u00e3o de Solventes Lesni<\/h2>\t\t\t\t<\/div>\n\t\t\t\t<\/div>\n\t\t\t\t\t<\/div>\n\t\t\t\t<\/div>\n\t\t<div class=\"elementor-element elementor-element-070435e e-flex e-con-boxed e-con e-parent\" data-id=\"070435e\" data-element_type=\"container\" data-e-type=\"container\">\n\t\t\t\t\t<div class=\"e-con-inner\">\n\t\t<div class=\"elementor-element elementor-element-ab7682f e-con-full e-flex e-con e-child\" data-id=\"ab7682f\" data-element_type=\"container\" data-e-type=\"container\" data-settings=\"{&quot;animation&quot;:&quot;none&quot;}\">\n\t\t\t\t<div class=\"elementor-element elementor-element-e4853e2 elementor-widget__width-initial elementor-widget elementor-widget-image\" data-id=\"e4853e2\" data-element_type=\"widget\" data-e-type=\"widget\" data-widget_type=\"image.default\">\n\t\t\t\t<div class=\"elementor-widget-container\">\n\t\t\t\t\t\t\t\t\t\t\t\t\t\t\t<img loading=\"lazy\" decoding=\"async\" width=\"1381\" height=\"1306\" src=\"https:\/\/www.iberfar.pt\/wp-content\/uploads\/2024\/11\/img_Lesni.webp\" class=\"attachment-full size-full wp-image-742\" alt=\"\" srcset=\"https:\/\/www.iberfar.pt\/wp-content\/uploads\/2024\/11\/img_Lesni.webp 1381w, https:\/\/www.iberfar.pt\/wp-content\/uploads\/2024\/11\/img_Lesni-300x284.webp 300w, https:\/\/www.iberfar.pt\/wp-content\/uploads\/2024\/11\/img_Lesni-1024x968.webp 1024w, https:\/\/www.iberfar.pt\/wp-content\/uploads\/2024\/11\/img_Lesni-768x726.webp 768w\" sizes=\"(max-width: 1381px) 100vw, 1381px\" \/>\t\t\t\t\t\t\t\t\t\t\t\t\t\t\t<\/div>\n\t\t\t\t<\/div>\n\t\t\t\t<\/div>\n\t\t<div class=\"elementor-element elementor-element-cf935ea e-con-full e-flex e-con e-child\" data-id=\"cf935ea\" data-element_type=\"container\" data-e-type=\"container\">\n\t\t\t\t<div class=\"elementor-element elementor-element-5cb4c23 elementor-widget__width-initial elementor-widget elementor-widget-text-editor\" data-id=\"5cb4c23\" data-element_type=\"widget\" data-e-type=\"widget\" data-widget_type=\"text-editor.default\">\n\t\t\t\t<div class=\"elementor-widget-container\">\n\t\t\t\t\t\t\t\t\t<p>A planta de absor\u00e7\u00e3o Lesni foi instalada para purificar o ar proveniente do processo de granula\u00e7\u00e3o. O \u00e1lcool purificado pode ser reutilizado para a desinfesta\u00e7\u00e3o das instala\u00e7\u00f5es ou enviado para incinera\u00e7\u00e3o, melhorando as nossas pr\u00e1ticas de sustentabilidade e gest\u00e3o de res\u00edduos.<\/p>\t\t\t\t\t\t\t\t<\/div>\n\t\t\t\t<\/div>\n\t\t\t\t<\/div>\n\t\t\t\t\t<\/div>\n\t\t\t\t<\/div>\n\t\t<div class=\"elementor-element elementor-element-da7a550 e-flex e-con-boxed e-con e-parent\" data-id=\"da7a550\" data-element_type=\"container\" data-e-type=\"container\">\n\t\t\t\t\t<div class=\"e-con-inner\">\n\t\t\t\t<div class=\"elementor-element elementor-element-2b97a95 elementor-widget elementor-widget-spacer\" data-id=\"2b97a95\" data-element_type=\"widget\" data-e-type=\"widget\" data-widget_type=\"spacer.default\">\n\t\t\t\t<div class=\"elementor-widget-container\">\n\t\t\t\t\t\t\t<div class=\"elementor-spacer\">\n\t\t\t<div class=\"elementor-spacer-inner\"><\/div>\n\t\t<\/div>\n\t\t\t\t\t\t<\/div>\n\t\t\t\t<\/div>\n\t\t\t\t\t<\/div>\n\t\t\t\t<\/div>\n\t\t\t\t<\/div>","protected":false},"excerpt":{"rendered":"<p>Environmental Policy Energy Rationalization With the installation of photovoltaic panels at our factory, IBERFAR is significantly reducing our carbon footprint and promoting sustainable energy use, with 25% of our energy now sourced from solar power. This initiative underscores our commitment to environmental responsibility and energy efficiency. CoveredArea 1.436 m2 Nr\u00ba of photovoltaic panels installed 763 [&hellip;]<\/p>\n","protected":false},"author":1,"featured_media":0,"parent":0,"menu_order":0,"comment_status":"closed","ping_status":"closed","template":"","meta":{"footnotes":""},"class_list":["post-19","page","type-page","status-publish","hentry"],"_links":{"self":[{"href":"https:\/\/www.iberfar.pt\/pt\/wp-json\/wp\/v2\/pages\/19","targetHints":{"allow":["GET"]}}],"collection":[{"href":"https:\/\/www.iberfar.pt\/pt\/wp-json\/wp\/v2\/pages"}],"about":[{"href":"https:\/\/www.iberfar.pt\/pt\/wp-json\/wp\/v2\/types\/page"}],"author":[{"embeddable":true,"href":"https:\/\/www.iberfar.pt\/pt\/wp-json\/wp\/v2\/users\/1"}],"replies":[{"embeddable":true,"href":"https:\/\/www.iberfar.pt\/pt\/wp-json\/wp\/v2\/comments?post=19"}],"version-history":[{"count":148,"href":"https:\/\/www.iberfar.pt\/pt\/wp-json\/wp\/v2\/pages\/19\/revisions"}],"predecessor-version":[{"id":2330,"href":"https:\/\/www.iberfar.pt\/pt\/wp-json\/wp\/v2\/pages\/19\/revisions\/2330"}],"wp:attachment":[{"href":"https:\/\/www.iberfar.pt\/pt\/wp-json\/wp\/v2\/media?parent=19"}],"curies":[{"name":"wp","href":"https:\/\/api.w.org\/{rel}","templated":true}]}}