{"id":23,"date":"2024-10-23T11:11:28","date_gmt":"2024-10-23T11:11:28","guid":{"rendered":"https:\/\/www.iberfar.pt\/?page_id=23"},"modified":"2025-01-15T16:38:54","modified_gmt":"2025-01-15T16:38:54","slug":"quality-unit","status":"publish","type":"page","link":"https:\/\/www.iberfar.pt\/pt\/quality-unit\/","title":{"rendered":"Unidade de Qualidade"},"content":{"rendered":"<div data-elementor-type=\"wp-page\" data-elementor-id=\"23\" class=\"elementor elementor-23\" data-elementor-post-type=\"page\">\n\t\t\t\t<div class=\"elementor-element elementor-element-6be77d1 e-flex e-con-boxed e-con e-parent\" data-id=\"6be77d1\" data-element_type=\"container\" data-e-type=\"container\" data-settings=\"{&quot;background_background&quot;:&quot;classic&quot;}\">\n\t\t\t\t\t<div class=\"e-con-inner\">\n\t\t\t\t<div class=\"elementor-element elementor-element-3a4f0b6 elementor-widget elementor-widget-heading\" data-id=\"3a4f0b6\" data-element_type=\"widget\" data-e-type=\"widget\" data-widget_type=\"heading.default\">\n\t\t\t\t<div class=\"elementor-widget-container\">\n\t\t\t\t\t<h2 class=\"elementor-heading-title elementor-size-default\">Unidade de Qualidade<\/h2>\t\t\t\t<\/div>\n\t\t\t\t<\/div>\n\t\t\t\t\t<\/div>\n\t\t\t\t<\/div>\n\t\t<div class=\"elementor-element elementor-element-3668c1c e-flex e-con-boxed e-con e-parent\" data-id=\"3668c1c\" data-element_type=\"container\" data-e-type=\"container\" data-settings=\"{&quot;background_background&quot;:&quot;classic&quot;}\">\n\t\t\t\t\t<div class=\"e-con-inner\">\n\t\t<div class=\"elementor-element elementor-element-022cc3e e-con-full e-flex e-con e-child\" data-id=\"022cc3e\" data-element_type=\"container\" data-e-type=\"container\" data-settings=\"{&quot;background_background&quot;:&quot;classic&quot;}\">\n\t\t\t\t<div class=\"elementor-element elementor-element-6f0295f elementor-widget elementor-widget-heading\" data-id=\"6f0295f\" data-element_type=\"widget\" data-e-type=\"widget\" data-widget_type=\"heading.default\">\n\t\t\t\t<div class=\"elementor-widget-container\">\n\t\t\t\t\t<h2 class=\"elementor-heading-title elementor-size-default\">Unidade de Qualidade<\/h2>\t\t\t\t<\/div>\n\t\t\t\t<\/div>\n\t\t\t\t<div class=\"elementor-element elementor-element-da45ce4 elementor-widget elementor-widget-text-editor\" data-id=\"da45ce4\" data-element_type=\"widget\" data-e-type=\"widget\" data-widget_type=\"text-editor.default\">\n\t\t\t\t<div class=\"elementor-widget-container\">\n\t\t\t\t\t\t\t\t\t<p class=\"translation-block\">O <b>IBERFAR<\/b> estabeleceu um sistema de gest\u00e3o integrado, que regula a qualidade, o risco, a sa\u00fade, a seguran\u00e7a e o meio ambiente.<\/p>\t\t\t\t\t\t\t\t<\/div>\n\t\t\t\t<\/div>\n\t\t\t\t<\/div>\n\t\t\t\t\t<\/div>\n\t\t\t\t<\/div>\n\t\t<div class=\"elementor-element elementor-element-8f4e896 e-flex e-con-boxed e-con e-parent\" data-id=\"8f4e896\" data-element_type=\"container\" data-e-type=\"container\">\n\t\t\t\t\t<div class=\"e-con-inner\">\n\t\t<div class=\"elementor-element elementor-element-92cb65f e-con-full e-flex e-con e-child\" data-id=\"92cb65f\" data-element_type=\"container\" data-e-type=\"container\" data-settings=\"{&quot;background_background&quot;:&quot;classic&quot;}\">\n\t\t\t\t<div class=\"elementor-element elementor-element-0501523 elementor-widget elementor-widget-image\" data-id=\"0501523\" data-element_type=\"widget\" data-e-type=\"widget\" data-widget_type=\"image.default\">\n\t\t\t\t<div class=\"elementor-widget-container\">\n\t\t\t\t\t\t\t\t\t\t\t\t\t\t\t<img fetchpriority=\"high\" decoding=\"async\" width=\"980\" height=\"1207\" src=\"https:\/\/www.iberfar.pt\/wp-content\/uploads\/2024\/12\/img_esquema-unidade-qualidade.webp\" class=\"attachment-full size-full wp-image-600\" alt=\"\" srcset=\"https:\/\/www.iberfar.pt\/wp-content\/uploads\/2024\/12\/img_esquema-unidade-qualidade.webp 980w, https:\/\/www.iberfar.pt\/wp-content\/uploads\/2024\/12\/img_esquema-unidade-qualidade-244x300.webp 244w, https:\/\/www.iberfar.pt\/wp-content\/uploads\/2024\/12\/img_esquema-unidade-qualidade-831x1024.webp 831w, https:\/\/www.iberfar.pt\/wp-content\/uploads\/2024\/12\/img_esquema-unidade-qualidade-768x946.webp 768w, https:\/\/www.iberfar.pt\/wp-content\/uploads\/2024\/12\/img_esquema-unidade-qualidade-10x12.webp 10w\" sizes=\"(max-width: 980px) 100vw, 980px\" \/>\t\t\t\t\t\t\t\t\t\t\t\t\t\t\t<\/div>\n\t\t\t\t<\/div>\n\t\t\t\t<\/div>\n\t\t<div class=\"elementor-element elementor-element-90d23e0 e-con-full e-flex e-con e-child\" data-id=\"90d23e0\" data-element_type=\"container\" data-e-type=\"container\" data-settings=\"{&quot;background_background&quot;:&quot;classic&quot;}\">\n\t\t\t\t<div class=\"elementor-element elementor-element-efbacc2 elementor-widget elementor-widget-text-editor\" data-id=\"efbacc2\" data-element_type=\"widget\" data-e-type=\"widget\" data-widget_type=\"text-editor.default\">\n\t\t\t\t<div class=\"elementor-widget-container\">\n\t\t\t\t\t\t\t\t\t<p>A Unidade de Qualidade incorpora Garantia da Qualidade, Controle de Qualidade, Responsabilidades Ambientais e de Seguran\u00e7a.<\/p><p>O objetivo deste sistema de gest\u00e3o da qualidade \u00e9 fabricar produtos medicinais que atendam ao seu prop\u00f3sito, cumpram com os requisitos aprovados e garantam altos n\u00edveis de qualidade, seguran\u00e7a e efic\u00e1cia.<\/p>\t\t\t\t\t\t\t\t<\/div>\n\t\t\t\t<\/div>\n\t\t\t\t<div class=\"elementor-element elementor-element-c50a753 elementor-widget elementor-widget-menu-anchor\" data-id=\"c50a753\" data-element_type=\"widget\" data-e-type=\"widget\" data-widget_type=\"menu-anchor.default\">\n\t\t\t\t<div class=\"elementor-widget-container\">\n\t\t\t\t\t\t\t<div class=\"elementor-menu-anchor\" id=\"quality-control\"><\/div>\n\t\t\t\t\t\t<\/div>\n\t\t\t\t<\/div>\n\t\t\t\t<\/div>\n\t\t\t\t\t<\/div>\n\t\t\t\t<\/div>\n\t\t<div class=\"elementor-element elementor-element-c5b0b2e e-flex e-con-boxed e-con e-parent\" data-id=\"c5b0b2e\" data-element_type=\"container\" data-e-type=\"container\">\n\t\t\t\t\t<div class=\"e-con-inner\">\n\t\t<div class=\"elementor-element elementor-element-ac5fe08 e-con-full e-flex e-con e-child\" data-id=\"ac5fe08\" data-element_type=\"container\" data-e-type=\"container\" data-settings=\"{&quot;background_background&quot;:&quot;classic&quot;}\">\n\t\t\t\t<div class=\"elementor-element elementor-element-072ba8d elementor-widget elementor-widget-image\" data-id=\"072ba8d\" data-element_type=\"widget\" data-e-type=\"widget\" data-widget_type=\"image.default\">\n\t\t\t\t<div class=\"elementor-widget-container\">\n\t\t\t\t\t\t\t\t\t\t\t\t\t\t\t<img decoding=\"async\" width=\"980\" height=\"1207\" src=\"https:\/\/www.iberfar.pt\/wp-content\/uploads\/2024\/10\/img_Quality-Control.webp\" class=\"attachment-full size-full wp-image-601\" alt=\"\" srcset=\"https:\/\/www.iberfar.pt\/wp-content\/uploads\/2024\/10\/img_Quality-Control.webp 980w, https:\/\/www.iberfar.pt\/wp-content\/uploads\/2024\/10\/img_Quality-Control-244x300.webp 244w, https:\/\/www.iberfar.pt\/wp-content\/uploads\/2024\/10\/img_Quality-Control-831x1024.webp 831w, https:\/\/www.iberfar.pt\/wp-content\/uploads\/2024\/10\/img_Quality-Control-768x946.webp 768w\" sizes=\"(max-width: 980px) 100vw, 980px\" \/>\t\t\t\t\t\t\t\t\t\t\t\t\t\t\t<\/div>\n\t\t\t\t<\/div>\n\t\t\t\t<\/div>\n\t\t<div class=\"elementor-element elementor-element-72252bb e-con-full e-flex e-con e-child\" data-id=\"72252bb\" data-element_type=\"container\" data-e-type=\"container\" data-settings=\"{&quot;background_background&quot;:&quot;classic&quot;}\">\n\t\t\t\t<div class=\"elementor-element elementor-element-b663598 elementor-widget elementor-widget-heading\" data-id=\"b663598\" data-element_type=\"widget\" data-e-type=\"widget\" data-widget_type=\"heading.default\">\n\t\t\t\t<div class=\"elementor-widget-container\">\n\t\t\t\t\t<h2 class=\"elementor-heading-title elementor-size-default\">Controlo de Qualidade<\/h2>\t\t\t\t<\/div>\n\t\t\t\t<\/div>\n\t\t\t\t<div class=\"elementor-element elementor-element-0d2d239 elementor-widget elementor-widget-text-editor\" data-id=\"0d2d239\" data-element_type=\"widget\" data-e-type=\"widget\" data-widget_type=\"text-editor.default\">\n\t\t\t\t<div class=\"elementor-widget-container\">\n\t\t\t\t\t\t\t\t\t<p class=\"translation-block\">O nosso departamento de Controlo de Qualidade no <b>IBERFAR<\/b> oferece servi\u00e7os especializados em Qu\u00edmica Anal\u00edtica, Cromatografia e Microbiologia.<\/p><p>Realizamos valida\u00e7\u00f5es de m\u00e9todos anal\u00edticos internamente, garantindo os mais elevados padr\u00f5es de qualidade e precis\u00e3o em todos os nossos produtos.<\/p>\t\t\t\t\t\t\t\t<\/div>\n\t\t\t\t<\/div>\n\t\t\t\t<\/div>\n\t\t\t\t\t<\/div>\n\t\t\t\t<\/div>\n\t\t<div class=\"elementor-element elementor-element-d451bf3 e-flex e-con-boxed e-con e-parent\" data-id=\"d451bf3\" data-element_type=\"container\" data-e-type=\"container\">\n\t\t\t\t\t<div class=\"e-con-inner\">\n\t\t\t\t<div class=\"elementor-element elementor-element-bebb7b6 elementor-hidden-mobile elementor-widget elementor-widget-image\" data-id=\"bebb7b6\" data-element_type=\"widget\" data-e-type=\"widget\" data-widget_type=\"image.default\">\n\t\t\t\t<div class=\"elementor-widget-container\">\n\t\t\t\t\t\t\t\t\t\t\t\t\t\t\t<img decoding=\"async\" width=\"1200\" height=\"354\" src=\"https:\/\/www.iberfar.pt\/wp-content\/uploads\/2024\/12\/img_esquema-equipamentos-principais.webp\" class=\"attachment-full size-full wp-image-605\" alt=\"\" srcset=\"https:\/\/www.iberfar.pt\/wp-content\/uploads\/2024\/12\/img_esquema-equipamentos-principais.webp 1200w, https:\/\/www.iberfar.pt\/wp-content\/uploads\/2024\/12\/img_esquema-equipamentos-principais-300x89.webp 300w, https:\/\/www.iberfar.pt\/wp-content\/uploads\/2024\/12\/img_esquema-equipamentos-principais-1024x302.webp 1024w, https:\/\/www.iberfar.pt\/wp-content\/uploads\/2024\/12\/img_esquema-equipamentos-principais-768x227.webp 768w, https:\/\/www.iberfar.pt\/wp-content\/uploads\/2024\/12\/img_esquema-equipamentos-principais-18x5.webp 18w\" sizes=\"(max-width: 1200px) 100vw, 1200px\" \/>\t\t\t\t\t\t\t\t\t\t\t\t\t\t\t<\/div>\n\t\t\t\t<\/div>\n\t\t\t\t<div class=\"elementor-element elementor-element-5df3b71 elementor-hidden-desktop elementor-hidden-tablet elementor-widget elementor-widget-image\" data-id=\"5df3b71\" data-element_type=\"widget\" data-e-type=\"widget\" data-widget_type=\"image.default\">\n\t\t\t\t<div class=\"elementor-widget-container\">\n\t\t\t\t\t\t\t\t\t\t\t\t\t\t\t<img loading=\"lazy\" decoding=\"async\" width=\"900\" height=\"965\" src=\"https:\/\/www.iberfar.pt\/wp-content\/uploads\/2025\/01\/VERTICAL_esquema-equipamentos-principais.webp\" class=\"attachment-full size-full wp-image-2053\" alt=\"\" srcset=\"https:\/\/www.iberfar.pt\/wp-content\/uploads\/2025\/01\/VERTICAL_esquema-equipamentos-principais.webp 900w, https:\/\/www.iberfar.pt\/wp-content\/uploads\/2025\/01\/VERTICAL_esquema-equipamentos-principais-280x300.webp 280w, https:\/\/www.iberfar.pt\/wp-content\/uploads\/2025\/01\/VERTICAL_esquema-equipamentos-principais-768x823.webp 768w, https:\/\/www.iberfar.pt\/wp-content\/uploads\/2025\/01\/VERTICAL_esquema-equipamentos-principais-11x12.webp 11w\" sizes=\"(max-width: 900px) 100vw, 900px\" \/>\t\t\t\t\t\t\t\t\t\t\t\t\t\t\t<\/div>\n\t\t\t\t<\/div>\n\t\t\t\t<div class=\"elementor-element elementor-element-4840595 elementor-widget elementor-widget-menu-anchor\" data-id=\"4840595\" data-element_type=\"widget\" data-e-type=\"widget\" data-widget_type=\"menu-anchor.default\">\n\t\t\t\t<div class=\"elementor-widget-container\">\n\t\t\t\t\t\t\t<div class=\"elementor-menu-anchor\" id=\"quality-assurance\"><\/div>\n\t\t\t\t\t\t<\/div>\n\t\t\t\t<\/div>\n\t\t\t\t<div class=\"elementor-element elementor-element-200e0c4 elementor-widget elementor-widget-spacer\" data-id=\"200e0c4\" data-element_type=\"widget\" data-e-type=\"widget\" data-widget_type=\"spacer.default\">\n\t\t\t\t<div class=\"elementor-widget-container\">\n\t\t\t\t\t\t\t<div class=\"elementor-spacer\">\n\t\t\t<div class=\"elementor-spacer-inner\"><\/div>\n\t\t<\/div>\n\t\t\t\t\t\t<\/div>\n\t\t\t\t<\/div>\n\t\t\t\t\t<\/div>\n\t\t\t\t<\/div>\n\t\t<div class=\"elementor-element elementor-element-b3b9229 e-flex e-con-boxed e-con e-parent\" data-id=\"b3b9229\" data-element_type=\"container\" data-e-type=\"container\">\n\t\t\t\t\t<div class=\"e-con-inner\">\n\t\t\t\t<div class=\"elementor-element elementor-element-591b4ce elementor-widget elementor-widget-image\" data-id=\"591b4ce\" data-element_type=\"widget\" data-e-type=\"widget\" data-widget_type=\"image.default\">\n\t\t\t\t<div class=\"elementor-widget-container\">\n\t\t\t\t\t\t\t\t\t\t\t\t\t\t\t<img loading=\"lazy\" decoding=\"async\" width=\"1000\" height=\"998\" src=\"https:\/\/www.iberfar.pt\/wp-content\/uploads\/2024\/12\/img_Garantia-da-Qualidade.webp\" class=\"attachment-full size-full wp-image-606\" alt=\"\" srcset=\"https:\/\/www.iberfar.pt\/wp-content\/uploads\/2024\/12\/img_Garantia-da-Qualidade.webp 1000w, https:\/\/www.iberfar.pt\/wp-content\/uploads\/2024\/12\/img_Garantia-da-Qualidade-300x300.webp 300w, https:\/\/www.iberfar.pt\/wp-content\/uploads\/2024\/12\/img_Garantia-da-Qualidade-150x150.webp 150w, https:\/\/www.iberfar.pt\/wp-content\/uploads\/2024\/12\/img_Garantia-da-Qualidade-768x766.webp 768w, https:\/\/www.iberfar.pt\/wp-content\/uploads\/2024\/12\/img_Garantia-da-Qualidade-12x12.webp 12w\" sizes=\"(max-width: 1000px) 100vw, 1000px\" \/>\t\t\t\t\t\t\t\t\t\t\t\t\t\t\t<\/div>\n\t\t\t\t<\/div>\n\t\t\t\t<div class=\"elementor-element elementor-element-7e89a53 elementor-widget elementor-widget-spacer\" data-id=\"7e89a53\" data-element_type=\"widget\" data-e-type=\"widget\" data-widget_type=\"spacer.default\">\n\t\t\t\t<div class=\"elementor-widget-container\">\n\t\t\t\t\t\t\t<div class=\"elementor-spacer\">\n\t\t\t<div class=\"elementor-spacer-inner\"><\/div>\n\t\t<\/div>\n\t\t\t\t\t\t<\/div>\n\t\t\t\t<\/div>\n\t\t\t\t\t<\/div>\n\t\t\t\t<\/div>\n\t\t\t\t<\/div>","protected":false},"excerpt":{"rendered":"<p>Quality Unit Quality Unit IBERFAR has established an integrated management system, which regulates\u00a0quality, risk, health, safety and environment. Quality Unit incorporates Quality Assurance, Quality Control, Environmental and Safety responsibilities. The aim of this quality management system is to manufacture medicinal products that suit their purpose, comply with approved requirements and ensure high levels of quality, [&hellip;]<\/p>\n","protected":false},"author":1,"featured_media":0,"parent":0,"menu_order":0,"comment_status":"closed","ping_status":"closed","template":"","meta":{"footnotes":""},"class_list":["post-23","page","type-page","status-publish","hentry"],"_links":{"self":[{"href":"https:\/\/www.iberfar.pt\/pt\/wp-json\/wp\/v2\/pages\/23","targetHints":{"allow":["GET"]}}],"collection":[{"href":"https:\/\/www.iberfar.pt\/pt\/wp-json\/wp\/v2\/pages"}],"about":[{"href":"https:\/\/www.iberfar.pt\/pt\/wp-json\/wp\/v2\/types\/page"}],"author":[{"embeddable":true,"href":"https:\/\/www.iberfar.pt\/pt\/wp-json\/wp\/v2\/users\/1"}],"replies":[{"embeddable":true,"href":"https:\/\/www.iberfar.pt\/pt\/wp-json\/wp\/v2\/comments?post=23"}],"version-history":[{"count":163,"href":"https:\/\/www.iberfar.pt\/pt\/wp-json\/wp\/v2\/pages\/23\/revisions"}],"predecessor-version":[{"id":2321,"href":"https:\/\/www.iberfar.pt\/pt\/wp-json\/wp\/v2\/pages\/23\/revisions\/2321"}],"wp:attachment":[{"href":"https:\/\/www.iberfar.pt\/pt\/wp-json\/wp\/v2\/media?parent=23"}],"curies":[{"name":"wp","href":"https:\/\/api.w.org\/{rel}","templated":true}]}}